{"id":1088,"date":"2018-11-05T17:49:27","date_gmt":"2018-11-05T14:49:27","guid":{"rendered":"http:\/\/democontent.codex-themes.com\/sites\/lawyers-attorneys\/home-2\/"},"modified":"2022-05-03T08:52:12","modified_gmt":"2022-05-03T08:52:12","slug":"home-2","status":"publish","type":"page","link":"https:\/\/www.tarrida.com\/es\/","title":{"rendered":"Home"},"content":{"rendered":"<div class=\"wpb-content-wrapper\"><p>[vc_row full_width=\u00bbstretch_row\u00bb content_placement=\u00bbmiddle\u00bb css=\u00bb.vc_custom_1648739601168{margin-top: 0px !important;margin-bottom: 0px !important;padding-top: 170px !important;padding-bottom: 60px !important;background-image: url(https:\/\/www.tarrida.com\/wp-content\/uploads\/2022\/03\/1-1-4.jpg?id=1643) !important;background-position: center !important;background-repeat: no-repeat !important;background-size: cover !important;}\u00bb el_class=\u00bbback-size-respons\u00bb][vc_column][vc_row_inner content_placement=\u00bbmiddle\u00bb el_class=\u00bbextra-title\u00bb][vc_column_inner offset=\u00bbvc_col-lg-12 vc_col-md-12 vc_col-xs-12&#8243;]<div class=\"clearboth\"><\/div><style>#thegem-divider-69f1da769e163 {margin-top: 10px !important;}<\/style><div id=\"thegem-divider-69f1da769e163\" class=\"gem-divider  \" style=\"\" ><\/div><div class=\"centered-box gem-image-centered-box\" ><div class=\"gem-image gem-wrapbox gem-wrapbox-style-default gem-wrapbox-position-centered lazy-loading  thegem-custom-69f1da769e1d53915\"  data-ll-item-delay=\"100\" style=\"\" ><div class=\"gem-wrapbox-inner  lazy-loading-item\"  data-ll-effect=\"move-up\"><img class=\"gem-wrapbox-element img-responsive\" src=\"https:\/\/www.tarrida.com\/wp-content\/uploads\/2022\/03\/Logo-Assesoria-Tarrida6.png\" alt=\"\"\/><\/div><style type=\"text\/css\">.thegem-custom-69f1da769e1d53915.gem-image a:hover img {filter: brightness( 100% ) contrast( 100% ) saturate( 100% ) blur( 0px ) hue-rotate( 0deg );}<\/style><\/div><\/div><div class=\"clearboth\"><\/div><style>#thegem-divider-69f1da769e6cc {margin-top: 60px !important;}<\/style><div id=\"thegem-divider-69f1da769e6cc\" class=\"gem-divider  \" style=\"\" ><\/div>[vc_column_text css_animation=\u00bbbottom-to-top\u00bb css=\u00bb.vc_custom_1650973666317{padding-top: 20px !important;padding-right: 20px !important;padding-bottom: 20px !important;padding-left: 20px !important;background-color: #ffffff !important;}\u00bb]<\/p>\n<div class=\"styled-subtitle\" style=\"text-align: justify;\">\n<p><span style=\"color: #000000; font-size: 85%;\"><span style=\"color: #000080;\"><strong>ASSESSORIA TARRIDA<\/strong><\/span> es un despacho de gesti\u00f3n administrativa y abogados\/economistas que, avalado por m\u00e1s de 70 a\u00f1os de experiencia, presta un servicio integral a particulares, aut\u00f3nomos y sociedades.<\/span><\/p>\n<p><span style=\"color: #000000; font-size: 85%;\">La empresa es la continuadora de Gestoria Tarrida, negocio familiar que inici\u00f3 su actividad en el a\u00f1o 1949, y actualmente es administrada por la tercera generaci\u00f3n.<\/span><\/p>\n<p><span style=\"color: #000000; font-size: 85%;\">El equipo humano de <span style=\"color: #000080;\"><strong>ASSESSORIA TARRIDA<\/strong><\/span> est\u00e1 formado por David Tarrida Riba, abogado, con m\u00e1s de 25 a\u00f1os de experiencia, y Jaume Tarrida Riba, licenciado en Administraci\u00f3n de Empresas y m\u00e1ster de Asesor\u00eda y Gesti\u00f3n Tributaria por Esade, con m\u00e1s de 20 a\u00f1os de experiencia; as\u00ed como por el personal propio y varios profesionales colaboradores externos.<\/span><\/p>\n<p><span style=\"color: #000000; font-size: 85%;\">La asesor\u00eda presta sus servicios ofreciendo su amplia experiencia, el m\u00e1ximo rigor y un trato personalizado.<\/span><\/p>\n<\/div>\n<p>[\/vc_column_text][\/vc_column_inner][\/vc_row_inner]<div class=\"clearboth\"><\/div><style>#thegem-divider-69f1da769e708 {margin-top: 20px !important;}<\/style><div id=\"thegem-divider-69f1da769e708\" class=\"gem-divider  \" style=\"\" ><\/div>[\/vc_column][\/vc_row][vc_row css=\u00bb.vc_custom_1471271546188{margin-bottom: 0px !important;padding-top: 80px !important;padding-bottom: 120px !important;}\u00bb][vc_column][vc_column_text css_animation=\u00bbbottom-to-top\u00bb]<\/p>\n<h1 style=\"text-align: center;\"><span style=\"color: #000080;\">SERVICIOS<\/span><\/h1>\n<p>[\/vc_column_text]<div class=\"clearboth\"><\/div><style>#thegem-divider-69f1da769e737 {margin-top: 40px !important;}<\/style><div id=\"thegem-divider-69f1da769e737\" class=\"gem-divider  \" style=\"\" ><\/div>[vc_separator color=\u00bbcustom\u00bb el_width=\u00bb10&#8243; accent_color=\u00bb#c7ccca\u00bb]<div class=\"clearboth\"><\/div><style>#thegem-divider-69f1da769e762 {margin-top: 90px !important;}<\/style><div id=\"thegem-divider-69f1da769e762\" class=\"gem-divider  \" style=\"\" ><\/div>[vc_row_inner el_class=\u00bbborder-box\u00bb][vc_column_inner width=\u00bb1\/2&#8243; offset=\u00bbvc_col-lg-3 vc_col-md-3 vc_col-xs-12&#8243;]<div class=\"lazy-loading\" data-ll-item-delay=\"0\"><div class=\"gem-textbox  lazy-loading-item centered-box\"  data-ll-effect=\"move-up\" ><div class=\"gem-textbox-inner\" style=\"\"><div class=\"gem-textbox-content\" style=\"background-color: #f0f3f2;background-position: center top;\"><div class=\"clearboth\"><\/div><style>#thegem-divider-69f1da769e810 {margin-top: 30px !important;}<\/style><div id=\"thegem-divider-69f1da769e810\" class=\"gem-divider  \" style=\"\" ><\/div><div class=\"centered-box\"><div class=\"gem-icon gem-icon-pack-material gem-icon-size-medium  gem-icon-shape-circle \"  style=\"border-color: #eb5353;opacity: 1;\"><div class=\"gem-icon-inner\" style=\"background-color: #eb5353;\"><span class=\"gem-icon-half-1\" style=\"color: #ffffff;\"><span class=\"back-angle\">&#xf1ca;<\/span><\/span><span class=\"gem-icon-half-2\" style=\"color: #ffffff;\"><span class=\"back-angle\">&#xf1ca;<\/span><\/span><\/div><\/div><\/div><div class=\"clearboth\"><\/div><style>#thegem-divider-69f1da769e87f {margin-top: 40px !important;}<\/style><div id=\"thegem-divider-69f1da769e87f\" class=\"gem-divider  \" style=\"\" ><\/div>[vc_column_text]<\/p>\n<h6 style=\"text-align: center;\"><span style=\"color: #000080;\">FISCAL-contable<\/span><\/h6>\n<p>[\/vc_column_text]<style type=\"text\/css\">.thegem-button-69f1da769e9393521.lazy-loading-before-start-animation .lazy-loading-item {opacity: 0;} body.thegem-effects-disabled .thegem-button-69f1da769e9393521.lazy-loading-before-start-animation .lazy-loading-item {opacity: 1;}<\/style><style type=\"text\/css\">.thegem-button-69f1da769e9393521 .gem-button svg {fill: #000080;}.thegem-button-69f1da769e9393521 .gem-button:hover svg {fill: #ffffff;}<\/style><div class=\"gem-button-container gem-button-position-center thegem-button-69f1da769e9393521     lazy-loading lazy-loading-before-start-animation\"  ><a title=\"Fiscal\" class=\"gem-button gem-button-size-tiny gem-button-style-outline gem-button-text-weight-thin gem-button-border-1 lazy-loading-item\" data-ll-effect=\"drop-right-without-wrap\" style=\"border-radius: 0px;border-color: #000080;color: #000080;\" onmouseleave=\"this.style.borderColor='#000080';this.style.backgroundColor='transparent';this.style.color='#000080';\" onmouseenter=\"this.style.borderColor='#000080';this.style.backgroundColor='#000080';this.style.color='#ffffff';\" href=\"https:\/\/www.tarrida.com\/es\/pf\/fiscal-contable\/\" target=\"_self\">m\u00e1s info<\/a><\/div> <\/div><\/div><div class=\"gem-textbox-bottom gem-textbox-bottom-shield\"><svg viewBox=\"0 0 1000 50\" preserveAspectRatio=\"none\" width=\"100%\" height=\"50\" style=\"fill: #f0f3f2;\"><path d=\"M 0,-0.5 500,50 1000,-0.5\" \/><\/svg><\/div><\/div><\/div>[\/vc_column_inner][vc_column_inner width=\u00bb1\/2&#8243; offset=\u00bbvc_col-lg-3 vc_col-md-3 vc_col-xs-12&#8243;]<div class=\"lazy-loading\" data-ll-item-delay=\"0\"><div class=\"gem-textbox  lazy-loading-item centered-box\"  data-ll-effect=\"move-up\" ><div class=\"gem-textbox-inner\" style=\"\"><div class=\"gem-textbox-content\" style=\"background-color: #f0f3f2;background-position: center top;\"><div class=\"clearboth\"><\/div><style>#thegem-divider-69f1da769e9f1 {margin-top: 30px !important;}<\/style><div id=\"thegem-divider-69f1da769e9f1\" class=\"gem-divider  \" style=\"\" ><\/div><div class=\"centered-box\"><div class=\"gem-icon gem-icon-pack-material gem-icon-size-medium  gem-icon-shape-circle \"  style=\"border-color: #eb5353;opacity: 1;\"><div class=\"gem-icon-inner\" style=\"background-color: #eb5353;\"><span class=\"gem-icon-half-1\" style=\"color: #ffffff;\"><span class=\"back-angle\">&#xf5e6;<\/span><\/span><span class=\"gem-icon-half-2\" style=\"color: #ffffff;\"><span class=\"back-angle\">&#xf5e6;<\/span><\/span><\/div><\/div><\/div><div class=\"clearboth\"><\/div><style>#thegem-divider-69f1da769ea4e {margin-top: 40px !important;}<\/style><div id=\"thegem-divider-69f1da769ea4e\" class=\"gem-divider  \" style=\"\" ><\/div>[vc_column_text]<\/p>\n<h6 style=\"text-align: center;\"><span style=\"color: #000080;\">LABORAL<\/span><\/h6>\n<p>[\/vc_column_text]<style type=\"text\/css\">.thegem-button-69f1da769eaec4063.lazy-loading-before-start-animation .lazy-loading-item {opacity: 0;} body.thegem-effects-disabled .thegem-button-69f1da769eaec4063.lazy-loading-before-start-animation .lazy-loading-item {opacity: 1;}<\/style><style type=\"text\/css\">.thegem-button-69f1da769eaec4063 .gem-button svg {fill: #000080;}.thegem-button-69f1da769eaec4063 .gem-button:hover svg {fill: #ffffff;}<\/style><div class=\"gem-button-container gem-button-position-center thegem-button-69f1da769eaec4063     lazy-loading lazy-loading-before-start-animation\"  ><a title=\"Laboral\" class=\"gem-button gem-button-size-tiny gem-button-style-outline gem-button-text-weight-thin gem-button-border-1 lazy-loading-item\" data-ll-effect=\"drop-right-without-wrap\" style=\"border-radius: 0px;border-color: #000080;color: #000080;\" onmouseleave=\"this.style.borderColor='#000080';this.style.backgroundColor='transparent';this.style.color='#000080';\" onmouseenter=\"this.style.borderColor='#000080';this.style.backgroundColor='#000080';this.style.color='#ffffff';\" href=\"https:\/\/www.tarrida.com\/es\/pf\/laboral\/\" target=\"_self\">m\u00e1s info<\/a><\/div> <\/div><\/div><div class=\"gem-textbox-bottom gem-textbox-bottom-shield\"><svg viewBox=\"0 0 1000 50\" preserveAspectRatio=\"none\" width=\"100%\" height=\"50\" style=\"fill: #f0f3f2;\"><path d=\"M 0,-0.5 500,50 1000,-0.5\" \/><\/svg><\/div><\/div><\/div>[\/vc_column_inner][vc_column_inner width=\u00bb1\/2&#8243; offset=\u00bbvc_col-lg-3 vc_col-md-3 vc_col-xs-12&#8243;]<div class=\"lazy-loading\" data-ll-item-delay=\"0\"><div class=\"gem-textbox  lazy-loading-item centered-box\"  data-ll-effect=\"move-up\" ><div class=\"gem-textbox-inner\" style=\"\"><div class=\"gem-textbox-content\" style=\"background-color: #f0f3f2;background-position: center top;\"><div class=\"clearboth\"><\/div><style>#thegem-divider-69f1da769eb98 {margin-top: 30px !important;}<\/style><div id=\"thegem-divider-69f1da769eb98\" class=\"gem-divider  \" style=\"\" ><\/div><div class=\"centered-box\"><div class=\"gem-icon gem-icon-pack-material gem-icon-size-medium  gem-icon-shape-circle \"  style=\"border-color: #eb5353;opacity: 1;\"><div class=\"gem-icon-inner\" style=\"background-color: #eb5353;\"><span class=\"gem-icon-half-1\" style=\"color: #ffffff;\"><span class=\"back-angle\">&#xf159;<\/span><\/span><span class=\"gem-icon-half-2\" style=\"color: #ffffff;\"><span class=\"back-angle\">&#xf159;<\/span><\/span><\/div><\/div><\/div><div class=\"clearboth\"><\/div><style>#thegem-divider-69f1da769ec01 {margin-top: 40px !important;}<\/style><div id=\"thegem-divider-69f1da769ec01\" class=\"gem-divider  \" style=\"\" ><\/div>[vc_column_text]<\/p>\n<h6 style=\"text-align: center;\"><span style=\"color: #000080;\">jur\u00eddico<\/span><\/h6>\n<p>[\/vc_column_text]<style type=\"text\/css\">.thegem-button-69f1da769ec748299.lazy-loading-before-start-animation .lazy-loading-item {opacity: 0;} body.thegem-effects-disabled .thegem-button-69f1da769ec748299.lazy-loading-before-start-animation .lazy-loading-item {opacity: 1;}<\/style><style type=\"text\/css\">.thegem-button-69f1da769ec748299 .gem-button svg {fill: #000080;}.thegem-button-69f1da769ec748299 .gem-button:hover svg {fill: #ffffff;}<\/style><div class=\"gem-button-container gem-button-position-center thegem-button-69f1da769ec748299     lazy-loading lazy-loading-before-start-animation\"  ><a title=\"Abogados\" class=\"gem-button gem-button-size-tiny gem-button-style-outline gem-button-text-weight-thin gem-button-border-1 lazy-loading-item\" data-ll-effect=\"drop-right-without-wrap\" style=\"border-radius: 0px;border-color: #000080;color: #000080;\" onmouseleave=\"this.style.borderColor='#000080';this.style.backgroundColor='transparent';this.style.color='#000080';\" onmouseenter=\"this.style.borderColor='#000080';this.style.backgroundColor='#000080';this.style.color='#ffffff';\" href=\"https:\/\/www.tarrida.com\/es\/pf\/abogados\/\" target=\"_self\">m\u00e1s info<\/a><\/div> <\/div><\/div><div class=\"gem-textbox-bottom gem-textbox-bottom-shield\"><svg viewBox=\"0 0 1000 50\" preserveAspectRatio=\"none\" width=\"100%\" height=\"50\" style=\"fill: #f0f3f2;\"><path d=\"M 0,-0.5 500,50 1000,-0.5\" \/><\/svg><\/div><\/div><\/div>[\/vc_column_inner][vc_column_inner width=\u00bb1\/2&#8243; offset=\u00bbvc_col-lg-3 vc_col-md-3 vc_col-xs-12&#8243;]<div class=\"lazy-loading\" data-ll-item-delay=\"0\"><div class=\"gem-textbox  lazy-loading-item centered-box\"  data-ll-effect=\"move-up\" ><div class=\"gem-textbox-inner\" style=\"\"><div class=\"gem-textbox-content\" style=\"background-color: #f0f3f2;background-position: center top;\"><div class=\"clearboth\"><\/div><style>#thegem-divider-69f1da769ed0d {margin-top: 30px !important;}<\/style><div id=\"thegem-divider-69f1da769ed0d\" class=\"gem-divider  \" style=\"\" ><\/div><div class=\"centered-box\"><div class=\"gem-icon gem-icon-pack-material gem-icon-size-medium  gem-icon-shape-circle \"  style=\"border-color: #eb5353;opacity: 1;\"><div class=\"gem-icon-inner\" style=\"background-color: #eb5353;\"><span class=\"gem-icon-half-1\" style=\"color: #ffffff;\"><span class=\"back-angle\">&#xf283;<\/span><\/span><span class=\"gem-icon-half-2\" style=\"color: #ffffff;\"><span class=\"back-angle\">&#xf283;<\/span><\/span><\/div><\/div><\/div><div class=\"clearboth\"><\/div><style>#thegem-divider-69f1da769ed69 {margin-top: 40px !important;}<\/style><div id=\"thegem-divider-69f1da769ed69\" class=\"gem-divider  \" style=\"\" ><\/div>[vc_column_text]<\/p>\n<h6 style=\"text-align: center;\"><span style=\"color: #000080;\">gesti\u00f3n<\/span><\/h6>\n<p>[\/vc_column_text]<style type=\"text\/css\">.thegem-button-69f1da769edd9655.lazy-loading-before-start-animation .lazy-loading-item {opacity: 0;} body.thegem-effects-disabled .thegem-button-69f1da769edd9655.lazy-loading-before-start-animation .lazy-loading-item {opacity: 1;}<\/style><style type=\"text\/css\">.thegem-button-69f1da769edd9655 .gem-button svg {fill: #000080;}.thegem-button-69f1da769edd9655 .gem-button:hover svg {fill: #ffffff;}<\/style><div class=\"gem-button-container gem-button-position-center thegem-button-69f1da769edd9655     lazy-loading lazy-loading-before-start-animation\"  ><a title=\"Administraci\u00f3n\" class=\"gem-button gem-button-size-tiny gem-button-style-outline gem-button-text-weight-thin gem-button-border-1 lazy-loading-item\" data-ll-effect=\"drop-right-without-wrap\" style=\"border-radius: 0px;border-color: #000080;color: #000080;\" onmouseleave=\"this.style.borderColor='#000080';this.style.backgroundColor='transparent';this.style.color='#000080';\" onmouseenter=\"this.style.borderColor='#000080';this.style.backgroundColor='#000080';this.style.color='#ffffff';\" href=\"https:\/\/www.tarrida.com\/es\/pf\/administracion\/\" target=\"_self\">m\u00e1s info<\/a><\/div> <\/div><\/div><div class=\"gem-textbox-bottom gem-textbox-bottom-shield\"><svg viewBox=\"0 0 1000 50\" preserveAspectRatio=\"none\" width=\"100%\" height=\"50\" style=\"fill: #f0f3f2;\"><path d=\"M 0,-0.5 500,50 1000,-0.5\" \/><\/svg><\/div><\/div><\/div>[\/vc_column_inner][\/vc_row_inner]<div id=\"fullwidth-block-69f1da769fba8\" class=\"fullwidth-block clearfix\"  style=\"padding-top: 300px;padding-bottom: 300px;\"><script type=\"text\/javascript\">if (typeof(gem_fix_fullwidth_position) == \"function\") { gem_fix_fullwidth_position(document.getElementById(\"fullwidth-block-69f1da769fba8\")); }<\/script><div class=\"fullwidth-block-background\" style=\"background-image: url(https:\/\/www.tarrida.com\/wp-content\/uploads\/2018\/11\/2.jpg);background-repeat: no-repeat;background-position: center top;\"><\/div><div class=\"fullwidth-block-inner\"><\/div><\/div>[\/vc_column][\/vc_row]<\/p>\n<\/div>","protected":false},"excerpt":{"rendered":"<p>[vc_row full_width=\u00bbstretch_row\u00bb content_placement=\u00bbmiddle\u00bb css=\u00bb.vc_custom_1648739601168{margin-top: 0px !important;margin-bottom: 0px !important;padding-top: 170px !important;padding-bottom: 60px !important;background-image: url(https:\/\/www.tarrida.com\/wp-content\/uploads\/2022\/03\/1-1-4.jpg?id=1643) !important;background-position: center !important;background-repeat: no-repeat !important;background-size: cover !important;}\u00bb&#8230;<\/p>\n","protected":false},"author":1,"featured_media":0,"parent":0,"menu_order":0,"comment_status":"closed","ping_status":"closed","template":"","meta":{"footnotes":""},"class_list":["post-1088","page","type-page","status-publish"],"_links":{"self":[{"href":"https:\/\/www.tarrida.com\/es\/wp-json\/wp\/v2\/pages\/1088","targetHints":{"allow":["GET"]}}],"collection":[{"href":"https:\/\/www.tarrida.com\/es\/wp-json\/wp\/v2\/pages"}],"about":[{"href":"https:\/\/www.tarrida.com\/es\/wp-json\/wp\/v2\/types\/page"}],"author":[{"embeddable":true,"href":"https:\/\/www.tarrida.com\/es\/wp-json\/wp\/v2\/users\/1"}],"replies":[{"embeddable":true,"href":"https:\/\/www.tarrida.com\/es\/wp-json\/wp\/v2\/comments?post=1088"}],"version-history":[{"count":53,"href":"https:\/\/www.tarrida.com\/es\/wp-json\/wp\/v2\/pages\/1088\/revisions"}],"predecessor-version":[{"id":1920,"href":"https:\/\/www.tarrida.com\/es\/wp-json\/wp\/v2\/pages\/1088\/revisions\/1920"}],"wp:attachment":[{"href":"https:\/\/www.tarrida.com\/es\/wp-json\/wp\/v2\/media?parent=1088"}],"curies":[{"name":"wp","href":"https:\/\/api.w.org\/{rel}","templated":true}]}}